{"id":8,"date":"2015-09-16T20:03:08","date_gmt":"2015-09-16T18:03:08","guid":{"rendered":"http:\/\/regina-kapsner.de\/?page_id=8"},"modified":"2018-12-25T14:51:22","modified_gmt":"2018-12-25T13:51:22","slug":"unterstuetzung","status":"publish","type":"page","link":"https:\/\/regina-kapsner.de\/?page_id=8","title":{"rendered":"Unterst\u00fctzung"},"content":{"rendered":"<p><strong>\u00a0<\/strong><\/p>\n<p>Konzentrieren Sie sich auf Ihre <strong>Kernkompetenz,<\/strong> delegieren Sie die Verwaltung.<\/p>\n<p>Hilfe im B\u00fcro t\u00e4te Ihnen einfach gut? Aber nur stunden- oder tageweise? Gern! Als freiberufliche Assistentin bin ich flexibel und richte ich mich nach Ihren W\u00fcnschen.<\/p>\n<p>Ob in Ihrem Unternehmen oder in einem Projekt, bei Bedarf auch in Ihrem privaten B\u00fcro, ich helfe Ihnen gezielt und gem\u00e4\u00df Ihren W\u00fcnschen:<\/p>\n<ul>\n<li><u>Assistenz<\/u><u><\/u><a href=\"http:\/\/regina-kapsner.de\/html\/assistenz.html\"><u>:<\/u><\/a> regelm\u00e4\u00dfige Unterst\u00fctzung t\u00e4glich \/ w\u00f6chentlich \/ monatlich<\/li>\n<li><u>Organisation<\/u><a href=\"http:\/\/regina-kapsner.de\/html\/organisation.html\"><u>:<\/u><\/a> einmalig oder laufend, Strukturen anlegen \/ \u00fcberarbeiten<\/li>\n<li><u>Controlling<\/u><a href=\"http:\/\/regina-kapsner.de\/html\/vorteile_.html\"><u>:<\/u><\/a> Auswertung Ihrer Zahlen, Unterst\u00fctzung bei Planungen<\/li>\n<li>Gern arbeite ich mich auch in Ihre Software ein oder pflege Ihre Datenbanken.<\/li>\n<li>Auch im privaten Bereich nimmt die Menge an Dokumenten stark zu (Belege f\u00fcr die Steuererkl\u00e4rung, Versicherungen, Mitgliedschaften, Kundennummern, PINs und Passw\u00f6rter, \u2026) und sollte so strukturiert werden, dass Sie selbst entspannt den perfekten \u00dcberblick haben \u2013 und im Notfall eine dritte Person sich leicht zurecht findet.<\/li>\n<\/ul>\n<p>Auch als einmalige Aktion im Sinne von Hilfe zur Selbsthilfe.<\/p>\n<p>Als Projektassistentin f\u00fcr begrenzte Zeit unterst\u00fctze ich Ihr Projekt-Management-Office (PMO).<\/p>\n","protected":false},"excerpt":{"rendered":"<p>\u00a0 Konzentrieren Sie sich auf Ihre Kernkompetenz, delegieren Sie die Verwaltung. Hilfe im B\u00fcro t\u00e4te Ihnen einfach gut? Aber nur stunden- oder tageweise? Gern! Als freiberufliche Assistentin bin ich flexibel und richte ich mich nach Ihren W\u00fcnschen. Ob in Ihrem Unternehmen oder in einem Projekt, bei Bedarf auch in Ihrem privaten B\u00fcro, ich helfe Ihnen &hellip; <a href=\"https:\/\/regina-kapsner.de\/?page_id=8\" class=\"more-link\"><span class=\"screen-reader-text\">Unterst\u00fctzung<\/span> weiterlesen<\/a><\/p>\n","protected":false},"author":1,"featured_media":0,"parent":6,"menu_order":30,"comment_status":"closed","ping_status":"closed","template":"","meta":{"_themeisle_gutenberg_block_has_review":false,"footnotes":""},"class_list":["post-8","page","type-page","status-publish","hentry"],"aioseo_notices":[],"_links":{"self":[{"href":"https:\/\/regina-kapsner.de\/index.php?rest_route=\/wp\/v2\/pages\/8","targetHints":{"allow":["GET"]}}],"collection":[{"href":"https:\/\/regina-kapsner.de\/index.php?rest_route=\/wp\/v2\/pages"}],"about":[{"href":"https:\/\/regina-kapsner.de\/index.php?rest_route=\/wp\/v2\/types\/page"}],"author":[{"embeddable":true,"href":"https:\/\/regina-kapsner.de\/index.php?rest_route=\/wp\/v2\/users\/1"}],"replies":[{"embeddable":true,"href":"https:\/\/regina-kapsner.de\/index.php?rest_route=%2Fwp%2Fv2%2Fcomments&post=8"}],"version-history":[{"count":2,"href":"https:\/\/regina-kapsner.de\/index.php?rest_route=\/wp\/v2\/pages\/8\/revisions"}],"predecessor-version":[{"id":10,"href":"https:\/\/regina-kapsner.de\/index.php?rest_route=\/wp\/v2\/pages\/8\/revisions\/10"}],"up":[{"embeddable":true,"href":"https:\/\/regina-kapsner.de\/index.php?rest_route=\/wp\/v2\/pages\/6"}],"wp:attachment":[{"href":"https:\/\/regina-kapsner.de\/index.php?rest_route=%2Fwp%2Fv2%2Fmedia&parent=8"}],"curies":[{"name":"wp","href":"https:\/\/api.w.org\/{rel}","templated":true}]}}