{"id":76,"date":"2016-12-06T11:18:11","date_gmt":"2016-12-06T10:18:11","guid":{"rendered":"http:\/\/regina-kapsner.de\/?page_id=76"},"modified":"2016-12-06T11:18:55","modified_gmt":"2016-12-06T10:18:55","slug":"aufraeumen","status":"publish","type":"page","link":"https:\/\/regina-kapsner.de\/?page_id=76","title":{"rendered":"Aufr\u00e4umen!"},"content":{"rendered":"<p>geht es Ihnen auch so? Sie sind seit Jahren mit dem Tagesgesch\u00e4ft gut ausgelastet, machen im B\u00fcro nur das n\u00f6tigste. In den Schubladen und Schr\u00e4nken sammelt sich ein gewisser &#8222;Bodensatz&#8220; &#8230; alte Dokumente, \u00fcberholte Listen, veraltete \u00dcbersichten, &#8230; oder auf der Festplatte &#8222;gammelt&#8220; auch so einiges vor sich hin &#8230;<\/p>\n<p>das k\u00f6nnen wir \u00e4ndern! ich helfe Ihnen gern &#8211; und behandle alles, was ich sehe, streng vertraulich.<\/p>\n<p>lassen Sie uns 4-5 Stunden einplanen und aufr\u00e4umen! Sie werden sehen, die &#8222;Energie flie\u00dft&#8220; danach wieder \ud83d\ude42<\/p>\n<p>diesen Service biete ich in M\u00fcnchen und Umgebung an &#8211; melden Sie sich einfach bei mir!<\/p>\n","protected":false},"excerpt":{"rendered":"<p>geht es Ihnen auch so? Sie sind seit Jahren mit dem Tagesgesch\u00e4ft gut ausgelastet, machen im B\u00fcro nur das n\u00f6tigste. In den Schubladen und Schr\u00e4nken sammelt sich ein gewisser &#8222;Bodensatz&#8220; &#8230; alte Dokumente, \u00fcberholte Listen, veraltete \u00dcbersichten, &#8230; oder auf der Festplatte &#8222;gammelt&#8220; auch so einiges vor sich hin &#8230; das k\u00f6nnen wir \u00e4ndern! ich &hellip; <a href=\"https:\/\/regina-kapsner.de\/?page_id=76\" class=\"more-link\"><span class=\"screen-reader-text\">Aufr\u00e4umen!<\/span> weiterlesen<\/a><\/p>\n","protected":false},"author":1,"featured_media":0,"parent":6,"menu_order":16,"comment_status":"closed","ping_status":"closed","template":"","meta":{"_themeisle_gutenberg_block_has_review":false,"footnotes":""},"class_list":["post-76","page","type-page","status-publish","hentry"],"aioseo_notices":[],"_links":{"self":[{"href":"https:\/\/regina-kapsner.de\/index.php?rest_route=\/wp\/v2\/pages\/76","targetHints":{"allow":["GET"]}}],"collection":[{"href":"https:\/\/regina-kapsner.de\/index.php?rest_route=\/wp\/v2\/pages"}],"about":[{"href":"https:\/\/regina-kapsner.de\/index.php?rest_route=\/wp\/v2\/types\/page"}],"author":[{"embeddable":true,"href":"https:\/\/regina-kapsner.de\/index.php?rest_route=\/wp\/v2\/users\/1"}],"replies":[{"embeddable":true,"href":"https:\/\/regina-kapsner.de\/index.php?rest_route=%2Fwp%2Fv2%2Fcomments&post=76"}],"version-history":[{"count":1,"href":"https:\/\/regina-kapsner.de\/index.php?rest_route=\/wp\/v2\/pages\/76\/revisions"}],"predecessor-version":[{"id":77,"href":"https:\/\/regina-kapsner.de\/index.php?rest_route=\/wp\/v2\/pages\/76\/revisions\/77"}],"up":[{"embeddable":true,"href":"https:\/\/regina-kapsner.de\/index.php?rest_route=\/wp\/v2\/pages\/6"}],"wp:attachment":[{"href":"https:\/\/regina-kapsner.de\/index.php?rest_route=%2Fwp%2Fv2%2Fmedia&parent=76"}],"curies":[{"name":"wp","href":"https:\/\/api.w.org\/{rel}","templated":true}]}}