{"id":26,"date":"2015-09-16T20:17:25","date_gmt":"2015-09-16T18:17:25","guid":{"rendered":"http:\/\/regina-kapsner.de\/?page_id=26"},"modified":"2023-08-20T18:08:47","modified_gmt":"2023-08-20T16:08:47","slug":"ueber-mich","status":"publish","type":"page","link":"https:\/\/regina-kapsner.de\/?page_id=26","title":{"rendered":"\u00dcber mich"},"content":{"rendered":"<p>Jahrgang 1969<\/p>\n<p><a href=\"http:\/\/regina-kapsner.de\/wp-content\/uploads\/2015\/09\/Kapsner-virtuelle-Assistentin-Excel-PMO.jpg\"><img loading=\"lazy\" decoding=\"async\" class=\"size-medium wp-image-29 alignright\" src=\"http:\/\/regina-kapsner.de\/wp-content\/uploads\/2015\/09\/Kapsner-virtuelle-Assistentin-Excel-PMO-214x300.jpg\" alt=\"????????????????????????????????????\" width=\"214\" height=\"300\" srcset=\"https:\/\/regina-kapsner.de\/wp-content\/uploads\/2015\/09\/Kapsner-virtuelle-Assistentin-Excel-PMO-214x300.jpg 214w, https:\/\/regina-kapsner.de\/wp-content\/uploads\/2015\/09\/Kapsner-virtuelle-Assistentin-Excel-PMO.jpg 320w\" sizes=\"auto, (max-width: 214px) 100vw, 214px\" \/><\/a><\/p>\n<p>Abitur<\/p>\n<p>Industriekauffrau und Diplom-Wirtschaftsingenieurin (FH M\u00fcnchen)<\/p>\n<p>Praktikerin (\u201ehands-on-Mentalit\u00e4t\u201c), penibel bei Bedarf, gern pragmatisch und kreativ<\/p>\n<p>Projekte:<\/p>\n<p>&#8211; Projektassistenz im PMO bei Infineon Technologies AG (<a href=\"https:\/\/www.infineon.com\/\" target=\"_blank\" rel=\"noopener noreferrer\">www.infineon.com<\/a>): bei der Migration einer Software auf ein neu programmiertes Tool: Einarbeiten in die Software f\u00fcr das Test-Management (\u201eALM Octane\u201c), Erstellung von Trainingsunterlagen; Kontakt zu den Entwicklern bzgl. der neuen Software, Erstellung der Trainingsunterlagen f\u00fcr die neue Software; Planen, aufzeichnen, nachbearbeiten von Schulungs-Videos f\u00fcr die neue Software; Projektsprache Englisch<\/p>\n<p>&#8211; Projektassistenz im PMO der BG-Phoenics GmbH (<a href=\"http:\/\/www.bg-phoenics.de\" target=\"_blank\" rel=\"noopener noreferrer\">www.bg-phoenics.de<\/a>): Unterst\u00fctzung bei Erstellung von Monatsberichten, Neu- und Weiterentwicklung sowie Optimierung von Excel-Tools im Reporting, Vereinfachung von Prozessen durch ma\u00dfgeschneiderte Makros, Administration einer Datenaustauschplattform<\/p>\n<p>&#8211; Unterst\u00fctzung des Team &#8222;Controlling&#8220; der Sozialpsychiatrisches Zentrum gGmbH in Haar (<a href=\"https:\/\/kbo-spz.de\" target=\"_blank\" rel=\"noopener noreferrer\">www.kbo-spz.de<\/a>): Tools f\u00fcr Monatsberichte und Wirtschaftsplanung weiterentwickeln und laufend pflegen, Reporting erstellen und aufbereiten, F\u00f6rderabwicklung<\/p>\n<p>&#8211; Rockzipfel M\u00fcnchen e. V. (<a href=\"https:\/\/www.rockzipfelmuenchen.de\" target=\"_blank\" rel=\"noopener noreferrer\">www.rockzipfelmuenchen.de<\/a>) : Gr\u00fcndung eines Vereins zur Schaffung sogenannter Eltern-Kind-B\u00fcros in M\u00fcnchen, Coworking mit Kindern<\/p>\n<p style=\"text-align: left;\">&#8211; Unterst\u00fctzung bei der Projektsteuerung einer Gro\u00dfbaustelle in M\u00fcnchen bei der Dandl GmbH (<a href=\"https:\/\/www.dandl-gmbh.de\/\" target=\"_blank\" rel=\"noopener noreferrer\">www.dandl-gmbh.de<\/a>) : Excel-Instrumente f\u00fcr Kostenverfolgungen und Termin\u00fcberwachung: Entwicklung der Dateien und laufende Pflege<\/p>\n<p style=\"text-align: left;\">&#8211; \u00dcbersetzungen deutsch-englisch<\/p>\n<p style=\"text-align: left;\">&#8211; Unterst\u00fctzung im Projektb\u00fcro bei der Einf\u00fchrung von Elektronischer Ablage<\/p>\n<p style=\"text-align: left;\">&#8211; Interner Umzug von ca. 15 Mitarbeitern: Koordination der Ausbauarbeiten sowie EDV-Anbindung, M\u00f6blierung, Dienstleister<\/p>\n<p style=\"text-align: left;\">&#8211; Projektassistenz bei der \u201cM\u00fcnchner R\u00fcck\u201d in der\u00a0 Abteilung Global Business Architecture<\/p>\n<p style=\"text-align: left;\">&#8211; Erstellen einer Excel-Anwendung f\u00fcr den Projektmanager einer Gro\u00dfbaustelle, mit deren Hilfe der termingerechte Eingang von \u00fcber 1.000 Dokumenten \u00fcberwacht und nachverfolgt wurde<\/p>\n<p style=\"text-align: left;\">&#8211; Mitwirken bei der Erstellung eines Lastenheftes, das oben genannte Excel-Anwendung und das Umfeld beschreibt, so dass eine Spezial-Software programmiert werden kann<\/p>\n<p style=\"text-align: left;\">&#8211; diverse Excel-Makros und Tabellen f\u00fcr Controlling-Aufgaben<\/p>\n<p style=\"text-align: left;\">&#8211; Assistenz in einer kleinen Unternehmensberatung<\/p>\n<p style=\"text-align: left;\">&#8211; diese Website\u00a0\u00a0\u00a0\u00a0 \ud83d\ude42<\/p>\n<p style=\"text-align: left;\">&#8211; Monthly Site Report (Baustellen-Bericht f\u00fcr internat. Baufirma in drei Sprachen)<\/p>\n<p style=\"text-align: left;\">&#8211; effiziente Nutzung von Lotus Notes im Team<\/p>\n<p style=\"text-align: left;\">&#8211; Excel-Struktur zur Liquidit\u00e4ts-Planung und f\u00fcr Soll-Ist-Vergleiche: Entwicklung und laufende Optimierung und Anpassung des Systems, Pflege der Daten, Auswertungen und Berichte<\/p>\n<p style=\"text-align: left;\">&#8211; Kostenrechnung \u00fcber Datev, BAB+BWA, Kontenplan-\u00dcberarbeitung<\/p>\n<p style=\"text-align: left;\">&#8211; EDV-Administration<\/p>\n<p style=\"text-align: left;\">&#8211; Akkordlohnabrechnung \u00fcber Excel und SAP<\/p>\n<p style=\"text-align: left;\">&#8211; Schulung von Anwendern neuer Softwarel\u00f6sungen, Erstellung Schulungsunterlagen<\/p>\n<p style=\"text-align: left;\">&#8211; Neustrukturierung Archiv<\/p>\n<p style=\"text-align: left;\">&#8211; Einf\u00fchrung eines Organisationshandbuchs<\/p>\n<p style=\"text-align: left;\">&#8211; Schichtplan-Modell \u00fcber Excel<\/p>\n<p style=\"text-align: left;\">&#8211; Betriebsvergleich M\u00fcllheizkraftwerke<\/p>\n<p style=\"text-align: left;\">&#8211; Businesspl\u00e4ne: Text und Zahlen erarbeiten, recherchieren, in Form bringen<\/p>\n<p style=\"text-align: left;\">&#8211; Einkauf von Betriebs- und Gesch\u00e4ftsausstattung<\/p>\n<p style=\"text-align: left;\">&#8211; Fuhrparkverwaltung, Personalbeschaffung<\/p>\n<p style=\"text-align: left;\">&#8211; Seminar-Organisation<\/p>\n<p style=\"text-align: left;\">&#8211; interne Umz\u00fcge<\/p>\n","protected":false},"excerpt":{"rendered":"<p>Jahrgang 1969 Abitur Industriekauffrau und Diplom-Wirtschaftsingenieurin (FH M\u00fcnchen) Praktikerin (\u201ehands-on-Mentalit\u00e4t\u201c), penibel bei Bedarf, gern pragmatisch und kreativ Projekte: &#8211; Projektassistenz im PMO bei Infineon Technologies AG (www.infineon.com): bei der Migration einer Software auf ein neu programmiertes Tool: Einarbeiten in die Software f\u00fcr das Test-Management (\u201eALM Octane\u201c), Erstellung von Trainingsunterlagen; Kontakt zu den Entwicklern bzgl. der &hellip; <a href=\"https:\/\/regina-kapsner.de\/?page_id=26\" class=\"more-link\"><span class=\"screen-reader-text\">\u00dcber mich<\/span> weiterlesen<\/a><\/p>\n","protected":false},"author":1,"featured_media":0,"parent":0,"menu_order":500,"comment_status":"closed","ping_status":"closed","template":"","meta":{"_themeisle_gutenberg_block_has_review":false,"footnotes":""},"class_list":["post-26","page","type-page","status-publish","hentry"],"aioseo_notices":[],"_links":{"self":[{"href":"https:\/\/regina-kapsner.de\/index.php?rest_route=\/wp\/v2\/pages\/26","targetHints":{"allow":["GET"]}}],"collection":[{"href":"https:\/\/regina-kapsner.de\/index.php?rest_route=\/wp\/v2\/pages"}],"about":[{"href":"https:\/\/regina-kapsner.de\/index.php?rest_route=\/wp\/v2\/types\/page"}],"author":[{"embeddable":true,"href":"https:\/\/regina-kapsner.de\/index.php?rest_route=\/wp\/v2\/users\/1"}],"replies":[{"embeddable":true,"href":"https:\/\/regina-kapsner.de\/index.php?rest_route=%2Fwp%2Fv2%2Fcomments&post=26"}],"version-history":[{"count":9,"href":"https:\/\/regina-kapsner.de\/index.php?rest_route=\/wp\/v2\/pages\/26\/revisions"}],"predecessor-version":[{"id":350,"href":"https:\/\/regina-kapsner.de\/index.php?rest_route=\/wp\/v2\/pages\/26\/revisions\/350"}],"wp:attachment":[{"href":"https:\/\/regina-kapsner.de\/index.php?rest_route=%2Fwp%2Fv2%2Fmedia&parent=26"}],"curies":[{"name":"wp","href":"https:\/\/api.w.org\/{rel}","templated":true}]}}