{"id":22,"date":"2015-09-16T20:12:40","date_gmt":"2015-09-16T18:12:40","guid":{"rendered":"http:\/\/regina-kapsner.de\/?page_id=22"},"modified":"2015-09-16T20:57:27","modified_gmt":"2015-09-16T18:57:27","slug":"rat-und-tat","status":"publish","type":"page","link":"https:\/\/regina-kapsner.de\/?page_id=22","title":{"rendered":"Rat und Tat"},"content":{"rendered":"<p><b><span style=\"color: #000000; font-family: Calibri;\">Organisation\u00a0 &#8211;\u00a0 Rat &amp; Tat <\/span><\/b><\/p>\n<p><span style=\"color: #000000; font-family: Calibri;\">Die Papierstapel werden immer h\u00f6her? Sie suchen immer l\u00e4nger?<br \/>\nWie k\u00f6nnen Sie sich die Arbeit leichter machen?<br \/>\nDenn mit der richtigen Organisation geht es viel einfacher.<\/span><\/p>\n<p><span style=\"color: #000000; font-family: Calibri;\">Ich schaue mit mehr Distanz auf das, was Sie tun, und wie Sie es tun.<br \/>\nUnd mache Ihnen dann Vorschl\u00e4ge zur Optimierung. <\/span><\/p>\n<p><span style=\"color: #000000; font-family: Calibri;\">Gern sichte ich auch Ihre Unterlagen, schlage Ihnen eine Struktur f\u00fcr die Ablage (Papier und EDV) vor und setze das abgestimmte Konzept dann um. Ich kremple die \u00c4rmel hoch und Sie bekommen ein ordentliches Ergebnis. <\/span><\/p>\n<p><span style=\"color: #000000; font-family: Calibri;\">Oft reicht eine einmalige Sonderaktion, um die Dinge wieder in Schwung zu bringen. <\/span><\/p>\n<p><span style=\"color: #000000; font-family: Calibri;\">Diskretion ist dabei selbstverst\u00e4ndlich. Was auch immer ich in Ihrem \u201cPapierkram\u201d sehe. <\/span><\/p>\n<p><span style=\"color: #000000; font-family: Calibri;\">Ich verf\u00fcge \u00fcber Erfahrung in verschiedenen Branchen und Betrieben und strebe st\u00e4ndig nach Effizienz.<br \/>\n<\/span><\/p>\n<p><span style=\"color: #000000; font-family: Calibri;\">Bei Bedarf werden Abl\u00e4ufe strukturiert, damit Sie in Zukunft die neue Ordnung leicht beibehalten k\u00f6nnen. <\/span><\/p>\n<p><span style=\"color: #000000; font-family: Calibri;\">Dazu geh\u00f6rt z. B. auch, Ihre Brief-, Fax- und sonstigen Vorlagen zu vereinheitlichen (\u201cCorporate Identity\u201d) und die Anwendung zu vereinfachen. <\/span><\/p>\n<p><span style=\"color: #000000; font-family: Calibri;\">Egal, welche Fragen oder Aufgaben w\u00e4hrend der Arbeit auftauchen \u2013 ich bin sicher, wir finden gute L\u00f6sungen daf\u00fcr. <\/span><\/p>\n<p>&nbsp;<\/p>\n","protected":false},"excerpt":{"rendered":"<p>Organisation\u00a0 &#8211;\u00a0 Rat &amp; Tat Die Papierstapel werden immer h\u00f6her? Sie suchen immer l\u00e4nger? Wie k\u00f6nnen Sie sich die Arbeit leichter machen? Denn mit der richtigen Organisation geht es viel einfacher. Ich schaue mit mehr Distanz auf das, was Sie tun, und wie Sie es tun. Und mache Ihnen dann Vorschl\u00e4ge zur Optimierung. Gern sichte &hellip; <a href=\"https:\/\/regina-kapsner.de\/?page_id=22\" class=\"more-link\"><span class=\"screen-reader-text\">Rat und Tat<\/span> weiterlesen<\/a><\/p>\n","protected":false},"author":1,"featured_media":0,"parent":0,"menu_order":200,"comment_status":"closed","ping_status":"closed","template":"","meta":{"_themeisle_gutenberg_block_has_review":false,"footnotes":""},"class_list":["post-22","page","type-page","status-publish","hentry"],"aioseo_notices":[],"_links":{"self":[{"href":"https:\/\/regina-kapsner.de\/index.php?rest_route=\/wp\/v2\/pages\/22","targetHints":{"allow":["GET"]}}],"collection":[{"href":"https:\/\/regina-kapsner.de\/index.php?rest_route=\/wp\/v2\/pages"}],"about":[{"href":"https:\/\/regina-kapsner.de\/index.php?rest_route=\/wp\/v2\/types\/page"}],"author":[{"embeddable":true,"href":"https:\/\/regina-kapsner.de\/index.php?rest_route=\/wp\/v2\/users\/1"}],"replies":[{"embeddable":true,"href":"https:\/\/regina-kapsner.de\/index.php?rest_route=%2Fwp%2Fv2%2Fcomments&post=22"}],"version-history":[{"count":1,"href":"https:\/\/regina-kapsner.de\/index.php?rest_route=\/wp\/v2\/pages\/22\/revisions"}],"predecessor-version":[{"id":23,"href":"https:\/\/regina-kapsner.de\/index.php?rest_route=\/wp\/v2\/pages\/22\/revisions\/23"}],"wp:attachment":[{"href":"https:\/\/regina-kapsner.de\/index.php?rest_route=%2Fwp%2Fv2%2Fmedia&parent=22"}],"curies":[{"name":"wp","href":"https:\/\/api.w.org\/{rel}","templated":true}]}}