{"id":210,"date":"2018-12-25T14:49:35","date_gmt":"2018-12-25T13:49:35","guid":{"rendered":"http:\/\/regina-kapsner.de\/?page_id=210"},"modified":"2018-12-25T14:51:57","modified_gmt":"2018-12-25T13:51:57","slug":"tipps-und-tricks","status":"publish","type":"page","link":"https:\/\/regina-kapsner.de\/?page_id=210","title":{"rendered":"Tipps und Tricks"},"content":{"rendered":"\n<p>Webseiten erstellen: <\/p>\n\n\n\n<p>viele wollen heute eigene Webseiten erstellen, sei es f\u00fcr sich\nselbst privat, f\u00fcr die Familie oder auch f\u00fcr ein \u201eBusiness\u201c. <\/p>\n\n\n\n<p>Da ich selber auch meine Webseite schon seit ein paar Jahren pflege, kann ich ein paar Tipps weitergeben (dies ist keine Rechtsberatung; die Liste ist nicht abschlie\u00dfend oder vollst\u00e4ndig. Bitte informiere dich ggf. noch ausf\u00fchrlicher): <\/p>\n\n\n\n<p>&#8211; w\u00e4hle eine aussagekr\u00e4ftige URL, also die Adresse f\u00fcr die\nWebseite. Entweder dein Name, oder die Bezeichnung deiner T\u00e4tigkeit \u2013 die URL\nist der erste Such- bzw. Finde-Begriff f\u00fcr z. B. Google. <\/p>\n\n\n\n<p>&#8211; lege deine Webseite bei einem professionellen Hoster an;\ngerade wenn es eine Business-Seite wird, wirkt das viel besser als eine\nkostenlose Seite bei z. B. \u201ewix\u201c<\/p>\n\n\n\n<p>&#8211; meine Webseiten liegen z. Zt. bei all-inkl.com, das wurde\nmir von einer Freundin empfohlen, die f\u00fcr viele Leute Webseiten anlegt und\nbetreut, und hier findet man ein gutes Preis-Leistungs-Verh\u00e4ltnis. <\/p>\n\n\n\n<p>&#8211; neben den Seiten mit deinen Inhalten sind ganz wichtig:\nImpressum und Datenschutzerkl\u00e4rung. Diese sind rechtlich vorgeschrieben, wenn\nsie fehlen, drohen Abmahnungen und Kosten!! Es gibt Anbieter, die die\nDatenschutz-Erkl\u00e4rung automatisch generieren, allerdings musst du selber\nangeben, welche Daten auf deiner Webseite erhoben werden. Z. B.&nbsp;&nbsp;&nbsp; <a href=\"http:\/\/www.erecht24.de\">www.erecht24.de<\/a>\n&nbsp;<\/p>\n\n\n\n<p>&#8211; achte darauf, dass du nur Fotos und Bilder verwendest, an\ndenen du die n\u00f6tigen Rechte hast. Das k\u00f6nnen auch gekaufte Bilder sein von\nentsprechenden Plattformen, oder von Plattformen, von denen man dann einen Link\nangeben muss<\/p>\n\n\n\n<p>&#8211; achte bei privaten Fotos darauf, dass alle evtl. zu sehenden\nPersonen damit einverstanden sind, im Internet zu erscheinen <\/p>\n\n\n\n<p>&#8211; achte auch darauf, die Privatsph\u00e4re deiner Kinder zu sch\u00fctzen\nund ver\u00f6ffentliche nicht unbedacht Fotos von ihnen; bedenke, dass Fremde die\nFotos herunterladen und speichern k\u00f6nnen!<\/p>\n\n\n\n<p>&#8211; pr\u00fcfe bei Zitaten von bekannten Pers\u00f6nlichkeiten, ob du\nsie hier verwenden darfst. Teilweise gibt es Anw\u00e4lte, die die Interessen auch\nvon verstorbenen K\u00fcnstlern vertreten und sich ihre Arbeit von Dir bezahlen\nlassen!<\/p>\n\n\n\n<p>&#8211; wenn du schon eine eigene URL hast, solltest du auch die E-Mail\n\u00fcber diese laufen lassen, also weg von alten, privaten @gmx&nbsp; oder @web.de hin zu einer \u201einfo@meineURL\u201c\noder \u201ehallo@\u201c oder \u201echef@&#8230;\u201c usw. Diese E-Mail-Adresse kannst du auch auf\ndeinem Handy einrichten oder am Rechner in eine Mail-Software integrieren,\ndamit du neue Mails schnell sehen und beantworten kanns<\/p>\n\n\n\n<p>&#8211; achte auch auf Schutz-Software f\u00fcr deine Webseite, damit\nsie nicht gehackt werden kann. F\u00fcr WordPress-Seiten gibt es z. B das Wordfence-Plugin;\nlass dich ggf. beraten! Eine meiner Webseiten wurde schon einmal gehackt, meine\nURL wurde umgeleitet zu einem ganz anderen Ziel, der Webseiten-Hoster drohte,\ndie Seite abzuschalten \u2013 es war ein riesen Aufwand, die Seite zu \u201eretten\u201c. <\/p>\n\n\n\n<p>&#8211; achte auch auf sichere Benutzernamen und Passw\u00f6rter <\/p>\n","protected":false},"excerpt":{"rendered":"<p>Webseiten erstellen: viele wollen heute eigene Webseiten erstellen, sei es f\u00fcr sich selbst privat, f\u00fcr die Familie oder auch f\u00fcr ein \u201eBusiness\u201c. Da ich selber auch meine Webseite schon seit ein paar Jahren pflege, kann ich ein paar Tipps weitergeben (dies ist keine Rechtsberatung; die Liste ist nicht abschlie\u00dfend oder vollst\u00e4ndig. Bitte informiere dich ggf. &hellip; <a href=\"https:\/\/regina-kapsner.de\/?page_id=210\" class=\"more-link\"><span class=\"screen-reader-text\">Tipps und Tricks<\/span> weiterlesen<\/a><\/p>\n","protected":false},"author":1,"featured_media":0,"parent":0,"menu_order":150,"comment_status":"closed","ping_status":"closed","template":"","meta":{"_themeisle_gutenberg_block_has_review":false,"footnotes":""},"class_list":["post-210","page","type-page","status-publish","hentry"],"aioseo_notices":[],"_links":{"self":[{"href":"https:\/\/regina-kapsner.de\/index.php?rest_route=\/wp\/v2\/pages\/210","targetHints":{"allow":["GET"]}}],"collection":[{"href":"https:\/\/regina-kapsner.de\/index.php?rest_route=\/wp\/v2\/pages"}],"about":[{"href":"https:\/\/regina-kapsner.de\/index.php?rest_route=\/wp\/v2\/types\/page"}],"author":[{"embeddable":true,"href":"https:\/\/regina-kapsner.de\/index.php?rest_route=\/wp\/v2\/users\/1"}],"replies":[{"embeddable":true,"href":"https:\/\/regina-kapsner.de\/index.php?rest_route=%2Fwp%2Fv2%2Fcomments&post=210"}],"version-history":[{"count":1,"href":"https:\/\/regina-kapsner.de\/index.php?rest_route=\/wp\/v2\/pages\/210\/revisions"}],"predecessor-version":[{"id":211,"href":"https:\/\/regina-kapsner.de\/index.php?rest_route=\/wp\/v2\/pages\/210\/revisions\/211"}],"wp:attachment":[{"href":"https:\/\/regina-kapsner.de\/index.php?rest_route=%2Fwp%2Fv2%2Fmedia&parent=210"}],"curies":[{"name":"wp","href":"https:\/\/api.w.org\/{rel}","templated":true}]}}