{"id":20,"date":"2015-09-16T20:10:28","date_gmt":"2015-09-16T18:10:28","guid":{"rendered":"http:\/\/regina-kapsner.de\/?page_id=20"},"modified":"2018-12-25T14:51:15","modified_gmt":"2018-12-25T13:51:15","slug":"beratung","status":"publish","type":"page","link":"https:\/\/regina-kapsner.de\/?page_id=20","title":{"rendered":"Beratung"},"content":{"rendered":"<p><b><span style=\"color: #000000; font-family: Calibri;\">Beratung: Organisation und EDV-Anwendung\u00a0\u00a0 <\/span><\/b><\/p>\n<p><span style=\"color: #000000; font-family: Calibri;\">Nutzen Sie Ihre pers\u00f6nlichen Ressourcen (z. B. Zeit und Energie) sowie den PC effizient. <\/span><\/p>\n<p><span style=\"color: #000000; font-family: Calibri;\">Die EDV sollte ein Werkzeug sein, dessen man sich entspannt bedient, so dass Ihre Energie in die L\u00f6sung Ihrer strategischen Aufgaben flie\u00dft. Gern schule ich Ihren Blick f\u00fcr die Eigenheiten der Programme, zeige Ihnen n\u00fctzliche Tastenkombinationen und weitere Vereinfachungen. <\/span><\/p>\n<p><span style=\"color: #000000; font-family: Calibri;\">Als ge\u00fcbter Anwender von Windows-PCs sowie des MS-Office Paketes (Excel, Word, Outlook, Powerpoint) sowie von Lotus Notes bin ich immer bestrebt, Aufgaben rationell und effizient auszuf\u00fchren und gebe meine Tricks gern an Sie weiter.\u00a0 <\/span><\/p>\n<p><span style=\"color: #000000; font-family: Calibri;\">So besser nicht:<br \/>\nDer amerikanische Coach Stephen Covey erz\u00e4hlt die Geschichte von einem Mann, der sich abm\u00fcht, B\u00e4ume zu f\u00e4llen. Seine S\u00e4ge ist stumpf, er kommt kaum voran. Jemand sagt zu ihm: \u201cNimm dir doch etwas Zeit, um die S\u00e4ge zu sch\u00e4rfen, danach geht es viel schneller!\u201d. Der Mann antwortet \u201cIch habe keine Zeit, meine S\u00e4ge zu sch\u00e4rfen. Ich muss bis heute Abend noch sieben B\u00e4ume f\u00e4llen!\u201d.<\/span><\/p>\n<p><span style=\"color: #000000; font-family: Calibri;\">\u00a0<\/span><\/p>\n<p><span style=\"color: #000000; font-family: Calibri;\">Nehmen Sie sich die Zeit, Ihr Werkzeug &#8211; den PC und die Programme &#8211; optimal zu beherrschen. Ich unterst\u00fctze Sie gern &#8211; letztlich gewinnen Sie dadurch Zeit<\/span><\/p>\n<p>&nbsp;<\/p>\n","protected":false},"excerpt":{"rendered":"<p>Beratung: Organisation und EDV-Anwendung\u00a0\u00a0 Nutzen Sie Ihre pers\u00f6nlichen Ressourcen (z. B. Zeit und Energie) sowie den PC effizient. Die EDV sollte ein Werkzeug sein, dessen man sich entspannt bedient, so dass Ihre Energie in die L\u00f6sung Ihrer strategischen Aufgaben flie\u00dft. Gern schule ich Ihren Blick f\u00fcr die Eigenheiten der Programme, zeige Ihnen n\u00fctzliche Tastenkombinationen und &hellip; <a href=\"https:\/\/regina-kapsner.de\/?page_id=20\" class=\"more-link\"><span class=\"screen-reader-text\">Beratung<\/span> weiterlesen<\/a><\/p>\n","protected":false},"author":1,"featured_media":0,"parent":6,"menu_order":25,"comment_status":"closed","ping_status":"closed","template":"","meta":{"_themeisle_gutenberg_block_has_review":false,"footnotes":""},"class_list":["post-20","page","type-page","status-publish","hentry"],"aioseo_notices":[],"_links":{"self":[{"href":"https:\/\/regina-kapsner.de\/index.php?rest_route=\/wp\/v2\/pages\/20","targetHints":{"allow":["GET"]}}],"collection":[{"href":"https:\/\/regina-kapsner.de\/index.php?rest_route=\/wp\/v2\/pages"}],"about":[{"href":"https:\/\/regina-kapsner.de\/index.php?rest_route=\/wp\/v2\/types\/page"}],"author":[{"embeddable":true,"href":"https:\/\/regina-kapsner.de\/index.php?rest_route=\/wp\/v2\/users\/1"}],"replies":[{"embeddable":true,"href":"https:\/\/regina-kapsner.de\/index.php?rest_route=%2Fwp%2Fv2%2Fcomments&post=20"}],"version-history":[{"count":3,"href":"https:\/\/regina-kapsner.de\/index.php?rest_route=\/wp\/v2\/pages\/20\/revisions"}],"predecessor-version":[{"id":348,"href":"https:\/\/regina-kapsner.de\/index.php?rest_route=\/wp\/v2\/pages\/20\/revisions\/348"}],"up":[{"embeddable":true,"href":"https:\/\/regina-kapsner.de\/index.php?rest_route=\/wp\/v2\/pages\/6"}],"wp:attachment":[{"href":"https:\/\/regina-kapsner.de\/index.php?rest_route=%2Fwp%2Fv2%2Fmedia&parent=20"}],"curies":[{"name":"wp","href":"https:\/\/api.w.org\/{rel}","templated":true}]}}