{"id":18,"date":"2015-09-16T20:09:22","date_gmt":"2015-09-16T18:09:22","guid":{"rendered":"http:\/\/regina-kapsner.de\/?page_id=18"},"modified":"2018-12-25T14:51:30","modified_gmt":"2018-12-25T13:51:30","slug":"makro-programmierung","status":"publish","type":"page","link":"https:\/\/regina-kapsner.de\/?page_id=18","title":{"rendered":"Makro-Programmierung"},"content":{"rendered":"<p><b><span style=\"color: #000000; font-family: Calibri;\">Programmierung &#8211; Anwendungsentwicklung <\/span><\/b><\/p>\n<p><span style=\"color: #000000; font-family: Calibri;\">Excel-Anwendungen k\u00f6nnen hilfreich sein f\u00fcr zahlreiche Verwaltungsaufgaben, z. B. Zeiterfassung, Terminverfolgung, kleine Datenbanken, regelm\u00e4\u00dfige Auswertungen, Schichtpl\u00e4ne und \u00e4hnliches. <\/span><\/p>\n<p><span style=\"color: #000000; font-family: Calibri;\">Microsoft\u00ae-Excel ist daf\u00fcr ein hervorragendes Werkzeug, ist heute Standard auf praktisch allen PCs und wird von den meisten Mitarbeitern zumindest in Grundz\u00fcgen beherrscht.<br \/>\nDamit Sie oder Ihre Mitarbeiter sich auf die Inhalte konzentrieren k\u00f6nnen, erstelle ich geeignete Formulare und schreibe f\u00fcr wiederkehrende Vorg\u00e4nge geeignete Programme (Makros in VBA) \u2013 und Sie dr\u00fccken nur noch auf den passenden Knopf. <img loading=\"lazy\" decoding=\"async\" src=\"data:image\/png;base64,\/9j\/4AAQSkZJRgABAQEAYABgAAD\/2wBDAAoHBwkHBgoJCAkLCwoMDxkQDw4ODx4WFxIZJCAmJSMgIyIoLTkwKCo2KyIjMkQyNjs9QEBAJjBGS0U+Sjk\/QD3\/2wBDAQsLCw8NDx0QEB09KSMpPT09PT09PT09PT09PT09PT09PT09PT09PT09PT09PT09PT09PT09PT09PT09PT09PT3\/wAARCADKANwDASIAAhEBAxEB\/8QAHwAAAQUBAQEBAQEAAAAAAAAAAAECAwQFBgcICQoL\/8QAtRAAAgEDAwIEAwUFBAQAAAF9AQIDAAQRBRIhMUEGE1FhByJxFDKBkaEII0KxwRVS0fAkM2JyggkKFhcYGRolJicoKSo0NTY3ODk6Q0RFRkdISUpTVFVWV1hZWmNkZWZnaGlqc3R1dnd4eXqDhIWGh4iJipKTlJWWl5iZmqKjpKWmp6ipqrKztLW2t7i5usLDxMXGx8jJytLT1NXW19jZ2uHi4+Tl5ufo6erx8vP09fb3+Pn6\/8QAHwEAAwEBAQEBAQEBAQAAAAAAAAECAwQFBgcICQoL\/8QAtREAAgECBAQDBAcFBAQAAQJ3AAECAxEEBSExBhJBUQdhcRMiMoEIFEKRobHBCSMzUvAVYnLRChYkNOEl8RcYGRomJygpKjU2Nzg5OkNERUZHSElKU1RVVldYWVpjZGVmZ2hpanN0dXZ3eHl6goOEhYaHiImKkpOUlZaXmJmaoqOkpaanqKmqsrO0tba3uLm6wsPExcbHyMnK0tPU1dbX2Nna4uPk5ebn6Onq8vP09fb3+Pn6\/9oADAMBAAIRAxEAPwCHUI9MMVutpJHFu2b5EmZiBt+bKnpzVCW1twwEeoll5ySD6\/1rr7izsoPvW1sgwxH7oEng4wAPXFNkto0KrDpFvKWjVv8AVgAE9efb0r3qGK9mmry+djyXh+Z7I5MWlqpy+pll9FUg0xLeF0Gb4oQGJyc5+bAHtxzXdW2n20kbGfTLaFgSAu1TketUo4C8QP8AYVtuORkhQB+B5rb695v8P8ifqvkjjriJY4l8m8MrnluoA4Bx+eRVn7DbMRs1XHy5O4H6murFsSx\/4kNqB0GSv59KsXVjaw2hli0y3klGP3flj8abx11o3+H+QfVbPWxxUlnBCwB1HzODuVcgj5c9enXiqH77++f++q742nJC6Haj67cGrM9haxWYkTTbZpflyghBx0zx3xV08xUfiTf3Eywje1kecfvv+eh\/76o\/ff8APQ\/99V35ttiF20K2PTCqFJ6f41btdOtpUzcaXawtn7oVW\/pV\/wBqQ\/lJ+oy\/mR5r++\/56H\/vqj99\/wA9G\/76r0P7CF4Oi2bHrkbQOvTp1qazsLWdXNxpVvAytgKUU5Hrmj+1Kf8AIL6lLujzb99\/z0P\/AH1R++\/56N\/31XoK2iZCnRbYsAS3yAD2Aq3Dp1rJa730q2jmwcRlFPPbmj+1IfyD+oy7o8z\/AH3\/AD0P\/fVGZv8Anof++q9Da125\/wCJBalQBzhRn14wfyq1Pp1otqskWmWpc7cq0XQHr0GaX9qw\/kD6jLueZZm\/56H\/AL6o\/ff89D\/31Xon2T5Qf+Eftc4JIyv5dKuHTLMWhkOm2qy7M7PKDYPp05prNIP7APAy7o8v\/ff89D\/31SZm\/wCejf8AfVerjSdOIH+gWvP\/AEyFO\/sjTv8Anwtf+\/S0f2pD+QFgpdzybM3\/AD0b\/vqjMv8Az0b\/AL6r1n+yNO\/58LX\/AL9Cj+yNO\/58LX\/v0KP7Uh\/IH1KX8x5NmX\/no3\/fVGZf+ejf99V63\/Y+m\/8AQPtf+\/S0f2Ppv\/Pha\/8AfpaP7Uh\/J+IfUpdzyTMv\/PRv++qMy\/8APRv++q9b\/sfTf+fC1\/79ClGjabn\/AJB9r\/36Wj+1YfyfiNYGT+0eSZm\/56N\/31Rmb\/no3\/fVeu\/2Npn\/AED7T\/v0tH9jaZ\/0D7T\/AL9LS\/tWH8n4h9Rl\/MKb+2is5CdgmAPlgx53HPA49qS71S3iGIkTccbcR7s1pxvpRjUm0UkgEn7KTn9Kq3KWcr7raBUQpwRbHrn0285H5fjXzU5qWzaPXjBrcz77WkhuEhgti+50zIqAqqk\/Nn8M\/SrU2p2iXEEaBDvYhxs6DHBz9atWS2EVuFurZXk3H5vsx5GeO1M1NLCayZLW0AlJGMWxH9Kv2kW0thcrRBJqdrvjWJY2LMwYbR8oAP8AXFR3WqRRPCsUKOWkVWwvRe5rPgsXEKia3DyDh2SAqCfYc4p5s1UZa2IHvGR\/StuWn\/MZNy7EP9rSJq21rh2R7zYsS2o2JEOoLY\/HNax1W1F0Il2kGMk\/u+A316fhVTR7NodWlkvYAbVh8itCTt\/St5n0VDtaCEHGcG3P+Fc8pwpvc6ZN1bWjYxZLxzqaBJUFvgFlMK7fcbs5zTk1eI3zRugEe8qv7rgjHB3fWtbztE\/54wf+A5\/wo87QyOIYCP8Ar3P+FS8TSt\/wSVRn2\/AzJdVjjuraNYVZHz5rhRhP8mnS6pDHMqrCGUsBnaMY7n8K0ll0VnCLBAWPQC3P+FSbdJ\/59Yv\/AAGP+FWq9NrT8yXSktzEOrIuoqhSMwE7T+75B9c9MVNJqkaWbSeTGJ8HCL8wz254rUUaQwyttER7W5P9KCNIXraxD\/t2P+FQpxStdj5Hcyvt5FmMG3a42rkkYXd3pYNRXy4fOSEsc+Yw42+mB7\/XitXbpP8Az6R\/+Ax\/wpB\/Y5JUW0JI6j7Ocj9Kv20LbE+zl3M6O\/jy3mCEj+HAxVDWtWaC1R7TAfdjCLn+HjPB4z9PrXQEaQBk2sWP+vY\/4UBdJOCLWL\/wGP8AhQ60H0GqbOYGuXB0aCaNEM7MdwkHI9M8dunSr9zq2UtWtI0Id\/325BlVx16jnOK2D\/ZAYA20W49B9nOT+lLt0n\/n1j\/8Bj\/hSVWAezd7mVc6mixT+UsY2pmN\/vEt\/u4qF9W\/0S5YLtkRhs+QcjapOPXnNbQGkEZFrEf+3Y\/4UEaQvJtoh9bc\/wCFP20OwezkZK6sjW8z42srPtDKMkD7pFZn9uPdIUkgZdrqVz+735VsjPsQK6rbpP8Az6x\/+Ax\/wppTR3yDaQtjqDbE\/wBKznOMlpoXCLi7vUwNJuzLdvsVN5jJVJJOOqZ6ntk81rW8l55iG4hsvL34YK4DbfXr+lWRDoy8iygH0tcf+y0uzSP+fSL\/AMBj\/hUxdluVLV6IZe3MMFxEsaRMjA723fd9PrWDN4gnjnkUWhZA3ysm3BH410G3SM4+yxZPb7Mf8Kdt0n\/n1j\/8Bj\/hWsK0Y7q5lKnJ7MggmlCwxYTcYQ4POMcD8+atW9vObaI7o8FB6+lZ0LL5kADSeV5ALHJ68YA7\/wBK0kbFtBtZvuDufSuVGxHNpks9xDM0gDQklApIGT1yO\/HFT\/Zp\/wC9F+tN3N\/eP50b2\/vH86LoBI7Wcb\/mi5YnvUV9pMl\/AIpHQKGDcZ9\/8al3n+9z9aXc394\/nRdAOFtOABui\/Wqd1pl1PcbkkgGFA5Depq1ub+8fzo3N6n86mcYzVpIqMnF3RnSaFeSxMjS2+GGDgNQmiXiIq+bbHAx90itHc394\/nRvb+8fzrL6vR25TT29TuUoNJuobyKR5YCFDDADd8VfFtP13RfrVZWzrMIZmx9nc4yeu5a0cp\/eb8zW8KcYq0VoZSm5O7KFnpctnEUR0IJzkjHt2qSW1nKAbovvD19at5T+835mmvsI+83UetXZCuQ\/Zp\/70X61BDpcsN1POrxlpiCwIPGBj+lX8p\/eb8zRlP7zfmaLICs9rOY2G6LkH1oS2nCKN0XAHrVhim0\/M3T1NC7Ao+ZunqaLILlNtOka6S4YxmREKKeeATz\/ACqX7NP\/AHov1qxlP7zfmaMp\/eb8zRZCKkVrOFI3RfePr61HdaZLdxqryIu05BXNXU2Acs3U+tOyn95vzNFkO5X+zT\/3ov1pi2s4lkO6LnHrVvKf3m\/M00bN7ctjjuaOVBcqz2EtxC0UjJtbGcEg8HP9KWGxmghSJGj2ooUZznFW8x\/3m\/M0ZT+835miyC5UNrP5yndF90+vtT\/s0\/8Aei\/Wpjs3j5mxg9zTsp\/eb8zRZBcwom\/020Usnni13Kmeq8AknHv\/ADrTGfs8G7H+rHT6VlQt+\/g+c+T9nHzZOQ319PatRMG2g2kn92Ov0qOgBXPeItYXRta0OW5uXgsHa4FwQGKn92Nm4AHv0rocH0pRkdM0hnnV9fyzeIJbqG5vf7UF3CNNtUhPkzWx2\/Mfl6FWkyxIK1V\/tnWFfWUgvdSunVTLuVXBtws65UxlflbZuACsQwBNen\/N05xR83vxTuFjz641vVb\/AFsXWiT3Etk2oEwIyssc8aW4ZkAIHBYEA\/3qy317VTo0FxdXmrxO1r5lkkOVa4kMrhg52tllUIAh4Ir1U7j1zRlh607isZGgyXErai1zM8h+1DajdYR5aHZ7YJP51rUYPpRg+lSMhiz\/AG3Ftx\/x7v1\/3lqzfW3mwSSLCsk4X5AScH9RVVMDW4dxI\/0d\/wD0JavzXEdrayTsWZIxuPr+taR2EzNtrad7wRz6dGkG3mQSk8\/TNRmC7WYqNMieMuwDiUghcjBxnnjJrQj1i0kultxIRK\/3VKn0B\/rU8N3FO7ojjejMpU9cjrx+NMRjrFegDfpMR45xP7+n096VYbry13aVGX4yBLgdTnv6YrZgnW4VimflYocjHIqWgDEit7gzIsumxLGdu5xKTjg54+uPzqF0vEC40hGZsAfvj1xznrjn610NFAGGsM\/lsZNNRGHTEhbPyk+vrgfjWiNOtcDMIz\/vGrdFAFX+zbX\/AJ5D8zR\/Ztr\/AM8h+Zq1RQBV\/s21\/wCeQ\/M0f2ba\/wDPIfmatUUAVf7Ntf8AnkPzNH9m2v8AzyH5mrVFAFX+zbX\/AJ5D8zR\/Ztr\/AM8h+Zq1RQBzsKuL2BwG3G1A25+XA98cda01sYLq3he4topGEYALc4GKyoZGFxCu8+Qbdcybuc+ma2rUp9lh\/eH7g7+1REbIv7Isv+fG3\/L\/AOtR\/ZFl\/wA+Nv8Al\/8AWq1lP+eh\/OjKf89D+dWIpppNkd3+g2\/U9v8A61O\/siy\/58bf8v8A61WEKfN+8PU96dlP+eh\/OgCr\/ZFl\/wA+Nv8Al\/8AWpo0iy3kfYbfoO1XMp\/z0P500FPMP7w9B\/FQBX\/siy\/58bf8v\/rUf2RZf8+Nv+X\/ANarWU\/56H86Mp\/z0P50AV4bGC1nD29tDGxBBKjBI\/KrLMqxs021VHUk8YphKb1\/eHv3qHUvLOlXIeN7iPYd0anl\/YUAWlEZwy7TnkEd6QLHuLgLu6EisuyW0GqZjtp45\/nyW+4Omcf\/AFqk22z2d2v2aW4TzzvjBDFmyDkc4x3\/ADoA0UEcfyIFX+LaOPxxRHNHKu6N1ceqkEVnXt0tpqCSfZp5HMW0Mv3cFhkfXvTMQaZqJ8u2lw6gb0OR8zHtQBp\/aIsgeamTgD5hznpUlYDx21tqCW4tLmTY8e192QDzjH0yc1v0AFFFFABRRRQAUUUUAFFFFABRRRQBzKSql9bMd3mCBU2AnByOCTj\/ACa3rUv9lh+QfcHf2rCjUNLbsdpRVTEhYZHyn+Rx+dbdrt+yw\/vT9wdx6VERsn3P\/cH50bn\/ALg\/Om\/L\/wA9T+Yo+X\/nqf8AvoVYgQt83yfxHvTtz\/3B+dRpt+b96ep7infL\/wA9T+YoAduf+4PzpoLeYfkHQd6Pl\/56n8xTQV8w\/vT0HcUASbn\/ALg\/Ojc\/9wfnTfl\/56n8xR8v\/PU\/mKABi3mJ8g796epJ6jH41Edu9f3p79xSyu0dtK8WZHVSVXrk+nFAEtYbfbo5H8vV7ZV8xxtkUEg7uBn26fjV1b65+x3Mxs28yI4jjGcycD1HrVIRxbpZBo8g35ckk5Y7h29e\/wCFADoZL5WkN1qVrjO1Y1wMHcO\/0BGKcvniYCHVEkgyvyyY35388jseg49KhkiWaUo+inklvMc7hnfn69eafEkbusraU8UjbAc5JAD8cj04agCyrtb25\/00PE+BHLK3PQ5OQPp+VU7ea5aLaus2shwpVjjgFW6+uTg\/hUjrsZkXS3kt12hOTuOck8H0z+tQCOGQhJNDl2jaMsSyj5cdOvA4oAu20lwrpJNqUEsanDhQAD8uevY9\/pWk0qJEZGYBAMlieAPWsFXYYhj0aRI9uWJJAP7vHH5lauW+91+zNayRwzZBOWyo2jHPv0\/+vQBfku4YoWmkkVY1OCxPAOcfzo+2W2D\/AKRFx1+cfSqT2ZltJU+xR7lchEkk+VxkHJx06dPaqdvpMF1LJ5mlx28W5stvIcnjkD0PNAGu9\/axqrNcRBWIAO4YJzj+fFNbUbRAC1xGASADu6kkgfqD+VZdvJLYsI00hgoJVTCSFALHJ5+mfxq9plrALYOlm1qxBUoxOQMk\/wAyT+NAFqS7giEZklRRKcISfvd+KPtlv\/z3j9vmHPGf5VG+m2sqKkkKuqgABskcDA\/Sozo1gdubZDtGFzngYxx+FAFuOaOYExSI4BwSpzg0+oobaK3DCFAoY5OO56VLQBy4I+0W5PDYiypJ67TjB6DP9K6C1LfZYfkH3B39q5\/J821Gzep8v96GHyDaeT9DgfjW\/a7fskP70\/cHcelREbJst\/c\/WjLf3P1pOP8AnqfzFHH\/AD1P5irEIhb5vk\/iPenZb+5+tMTHzfvD1PcU7j\/nqfzFAC5b+5+tNBbzD8nYd\/rS8f8APU\/mKqXGpWNnPsutQt4HKghZJlUkc+tAFzLf3P1oy39z9az\/AO3dJ\/6DFn\/4Ep\/jR\/buk\/8AQYs\/\/AlP8aALxLb1+T1709ckcriqMOp2F3cLHbajbzPgnbHMjH8hV5cY4bd70ALis1dKmSSRkvpgHcvg9skEAc9Bgj8a06TIoAy57Uw6f5M19LkyhlcA7gM528Gq3GxP+J1IMYJk2jLfM3Hp7dO1aGoLK20W9vFJISoLSAYC559\/eqcS3bHMmlWqYYDAIJxk55\/I\/iaAGCWNAoOrSDfsYO6nB+90zxzg\/lS2VzFIxVdXE\/mYjCOvIOD07g8Z\/CnRpcuI\/O0i2HKKwBU7V5zj6envVxbUxPM0dnbAIA0O0YZmx3445oAoGAxRXH\/E4mAt12vtXPl\/KB05ye\/erMVlPNbo8epSsHBYOV7EDH5Y\/Wklm1J8D7FEVI+dWIIPy8jOeefanNcagkZEVkmQCFXcAB8ox36Z3D8BQA+3nS0DxT3TSyZZ8uuDjP8ASrEV7bTSFIpkZ8kYB9OtCQrPEj3MMfmlAGBAOPUfTNPW2hRtyRIrc8hQDS1FqQJqdq5AEoyxwAQRk5xU63EbXDwg\/vEAJGOxpBaQAqRDGCvIO0cVII1DlwoDN1OOTRqGo6iiimMKKKKAOF+zTG7twFAfahEXmDn5a67T1ZNOtlaMZWJQeR6ViLGZLi2OEO1UIlOMgbTn24IH51vWv\/HrD+8\/gHp6VjSpxh8JpOo57kuT\/wA8\/wCVHP8Azz\/lR\/21\/lR\/21\/lWxmNTPzfu+59Kdk\/88\/5U1P4v3nc+lO\/7a\/yoAMn\/nn\/ACrn7y2uovEVzdLowvopbaJFO+MFCrOTwx\/2h0roP+2v8qaP9Yf3nYelAGJ5lz\/0Kf8A5Fg\/xo8y5\/6FP\/yLB\/jW7\/21\/lR\/21\/lQBzkcF1N4h02c6EbOOHzQ7h4j1XjO0561v3V0llZzXMqsEiUswXk4FOb76\/vPX0qQAEEE7gfWgDPl16ygz5sjKRngLu6AHtn+8Kzo7OzuruS2juLxGkMrMFYBTyCc\/ieO9dD5a\/3R+VZqxamksh3W7KXYodvIXIwPrjd+lMCpJPp13drKs84mjxBlBwMP1P4jr6Glt7vTrG4EgubkkqItrKWH3iB0HXIIz7VacXyaexdraOcScOcbdme\/vTQdVwq4s\/M4LjnGNx6Dr0x+tICaPWrWVwgZg+VBUjpu6c9O3alfWLZI4HG5lm5GwA7RtLZPPAwKhVr8sVJtGkG07R2HOafbG+YN5qWxQr8jRnocf40AI3iDT1IDSsMnA+Q9eD\/AFFNm8R2ECbmkY5GVCrndwG4\/AjrTQurKhJFnlU4LDqdvU49808DUigYJaljnGOmMDB\/n+lADzrdsA5+fCAljgcYx7+9XDcILkQYbeU352nbj69PwqO0SYxN9rWLfuOAg4x2qxQBn\/2xEZRD5Fz55\/5ZeX8wXON3XpTrrV4LK48q4DoMA+ZgFec4757HtVzy08zzNo3427sc49KcVB6gGgCpZ6pa37EW7liFDYKkcHp1q5TQqjoAPoKdQAUUUUAcocfa7T97s+WPMPHPH9a6K1x9lh\/dfwD09K53zM3trGVVyEjPmY+6ccdscZJ\/D1rorXP2SH95\/AOw9KiI2S8f88v5Ucf88v5UYP8Az0\/QUYP\/AD0\/QVYhqY+b913PpTuP+eX8qagPzfvP4j2FOwf+en6CgA4\/55fypoA8w\/uuw9Kdg\/8APT9BTQD5h\/edh2HvQA7j\/nl\/Kjj\/AJ5fyowf+en6CjB\/56foKAGkDev7r19KkXp93bUZB3r+89ewpZJkt4HlmkAjQbmY9AKAJaKr\/brYDLTxqP8AaYDsD39iKysXzyyQQapDvdpNqsuWAzxjjsCBQBc1R41CZimmcsoCRkjGTjPpWdEbCZQFtL4IrBcMCP4m5xn1\/mKuztI90kkOpRIoURmJiMM4bB\/qPrS20skM+651GCSMpt2kgHdnr\/8AWoAz0\/s64SAG1vlUeXGuQVK\/exnBz3OT71bg0uxs5pXjtbhfs5EgbJIc4P3eeep4rRS9t5MbJkJJAwDzz04\/Ch723jEReZFExxGSfvcZ4\/CgDLlvLT98v9nyst0P3+EwSCmfmH04qddUhtbZUSCcpGu1V2knAVSP5\/oavfbLbOPtEOfTeKbJf2sSM0k8aqvXLfQ\/1FAEsMnnQRybSu9Q2D1GRUlVjqFqOs6d+\/TH\/wCupjLGJRFvXzCNwTPOPXFAD6KpjVrEjIuosbgv3u+cfz4qR763juPIeZFl4+UnH+elAFiio4riGb\/VSo\/APysDUlABRRRQBy8TKLqEH5RsTEX975e46dSK37Xb9li\/dfwDsPSueDEXtuN7M2IxkMcL8vHy9PeuitQ32WH5\/wCAdvaoiNkmF\/55foKML\/zy\/QUuG\/v\/AKUYb+\/+lWIYm35v3Xc9hTsL\/wA8v0FIgb5vn7ntTsN\/f\/SgBML\/AM8v0FNAXzD+67DsKfhv7\/6U0BvMPz9h2+tAC4X\/AJ5foKML\/wA8v0FLhv7\/AOlGG\/v\/AKUAMO3ev7r17ClkgjuIHhljBjcbWU9xQwbevz+vanrnHJzQBUk0exmJMtsjk\/3snsB\/QVSheSC6kk\/stg6s6q6sTuXcuT+I5x\/s1tUlO4GGsCJZvPFpOJzNzGScn5s7gf1phSJgjNoTsSQdpAJX525z09\/xrR1R0jiBluDFGWUYVSSSTx05xVBJoZceXrRbkKWUZ53Nxnp2I\/CkA5EQN5v9kurkpyCSxxnH5e\/rT4BHKpjfTJYwiYj35YcqRj244\/GoEeGbyWg1r5mCJvXnefm9TjnP6VNa27W80itq8sn2ch5UYdFwTg+3f8KAKwiiZAX0FmKLux6ttHTP0x+FPa2t3RS+iM23cFU5JGFA\/Ijj8KtS3loBMpvZP9JHysclU+XI246DHPWrA1G0ggXfcAhF++f4sAHP5EfnQAy1tILmGUy2Zg3sysjE5Yev6Ve8pPMEmxd4G3djnHpmiORZY1kQ5VwGB9QafQBD9kgFz9o8pfOK7N+OcdcUy4sLa7J+0RLJnH3vbOP5n86s0UAVrbT7WzYtbwJGSoU7fQdBVmiigAooooA5RWb7XbIjKiYTdERlpBtOcDt2\/KuhtQn2WH90fuD+H2rnMr\/adojbnk2JtcchOBgY7Z6+\/eultQ\/2WH5h9wdvapiNj\/k\/55H\/AL5o+T\/nkf8AvmnYf+8Pyow\/94flVCI02\/N+7PU\/w075P+eR\/wC+aED\/ADfMPvHtTsP\/AHh+VADfk\/55H\/vmmjZ5h\/dHoP4akw\/94flTQH8w\/MOg7UAHyf8API\/980fJ\/wA8j\/3zTsP\/AHh+VGH\/ALw\/KgCMhd6\/uz37VIuAOF2j6U1g\/mJ8w79qZd2ovbOa2lYhZVKkrwQDQBPnNZLXWrqJAtlE53OEO8DjPy5GeePpT5dDSXObq5QYOBG+3GQB2+lVLa4sYdQebdP5kbyIQyDGSyhiMe5HNMC7c\/bPtcbx2sMkQQEk43Btw4HPpk\/hSWcMxmK3FhbxxlM7kA+9np\/I1RUWa2rXn2m7kQT8jPKvvz09M\/pTGfTWEbm9vArMCpUsM\/O3YDPbHToBSA3RZ2wxiCLgg\/cHUdKlYKylWAIPBB71gxGwjbzEubgKGj4YfL3IwMd+c4p8f2C8jjjF1K7Wq5QH5TyhGRwMnGaANb7FbZz9ni\/74Hpj+VBs7Y5zBF75QemP5Cuf8zTmAc398u1d7YY8DaDg468dh70s0enzxfvL688s7ge27CqCCMcnGKAOkUKihVAAAwABTqx7awtb6GV4ZpSpLJuIHB4zjI9q0zbobkT\/ADeYE2feOMfTp+NAEmaMisuTw\/atMJI2lhAIO2N8DIOc\/rzVmXS7aS0jtljCRRtuVQOh\/H60AXKKy4dEWCRGW7uzsKkBpMjjtj0rUoAKKKKAOWj2m7gUsUQIn7sHlzt\/u4rftQn2WH92fuD+H2rnCFOpWm8NJKFjCspyI+B1HUev4V0tqH+yQ\/MPuDt7VMRsfhP+eZ\/75own\/PM\/9807D\/3h+VLh\/wC8PyqhESBPm\/dnqf4adhP+eZ\/75oQP83zD7x7U7D\/3h+VADcJ\/zzP\/AHzTQE8w\/uz0H8NSYf8AvD8qQB\/MPzDoO1ACYT\/nmf8AvmjCf88z\/wB807D\/AN4flRh\/7w\/KgCMhN6\/uz3\/hqVMY+UEfhTCH8xfmHftUgyPvEH6UALTSqnqBS1ktr6xiUPaXO5GcAKmQ20469s9aALd6ZUQCIxRgkfMxA5z0GRiq\/wDxMQR8tpuOM88dT\/TFM1GaKS5jiuLWeSIqsm4Z2A7gBkeuT+VV7CzsHmMKWlxEcCUFyeu48Z7EZP50AWSuqAoVFqSVXcrdAec4wM+n60touqh1FyLMoGG4rnO3n9en60+LQbKEII0YBGVl+Y8Fen86tmzgJnPlqGnXbIw4LDGOtAED+Yv2hBLbh24gUDBBx3z1\/LpRZCdPOF48DYb5dgAwMc5pjaHZtt3K5CgBQXPGF2\/ypX0W1kQqwkKnIxvPcAfyUUAXl24yuMHnjvTqZFGsMSRp91FCjJ7Cn0AFFJRQAtFFFABRRRQByiLIbyDy\/wDUCNN6H72cDtjOMZrobUJ9li+RvuDsfSsMKP7SsjgZ8lOcf7LV0Nr\/AMekP+4P5VERsMJ\/cb8jRhP7jfkaloqxECBPm+Rup7GnYT+435GnJ\/F\/vGn0ARYT+435GmgJ5h+Rug7Gp6YP9a30H9aAG4T+435GjCf3G\/I1LRQBAQm9fkbv2NNuopJrGaO1kMMrqQj4+6fWpm\/1ifjT6AMuS11Q5EN7HGOcbk3HoAOvuCfxplrMftzPJqMbRIXVo9+MMSAOvp0\/GtesKeCJLhysaAkyMcKOTuXn68U1qA9ZLpIzPJqcHk+bwVXj733SfpxSlrs7dmrW6jcP4VII3EYz+AH1BpkcUf8AZrJsXabjkY4PSqwtoSY08mPauMLtGB+8P+NIC7CbgSAf2lBJGGT5c8jrnJ757fSnbbmaGEpqEQaBd0jRnO\/5TjPtnB\/CqnlR+VENi4Pl5GOvLUlrGiS5RFUsgyQMZ+Q0ATebeuFZdYtApyxyo5XAP4dz+NJML6WMrHq1rHkHcwGf4RyOeMHn8aqx28LRtuiQ7kAOVHPyH\/AU9oo\/JA2LjdIcY\/2VoAvrBeSrIYr5HIyFKnIU8dcfjWgY5TciTzSItmDFtHJ9c9araUipbyKihVErYAGB1q9QBn\/YLrzAv2+byPvHON+c5xnH3ccYou7S8e5821u\/LGB8jDcvfPH5flWhSUAU7KG+iY\/bLmOZdoA2ptOe5q7RRQAUUlLQB\/\/Z\" alt=\"Excel-L\u00f6sungen-Makro\" width=\"220\" height=\"202\" align=\"right\" \/><\/span><\/p>\n<p><span style=\"color: #000000; font-family: Calibri;\">Weiterhin k\u00f6nnen Formulare und Checklisten n\u00fctzlich sein, mit denen Sie gleichbleibende Arbeitsabl\u00e4ufe definieren und Qualit\u00e4t sicherstellen. <\/span><\/p>\n<p><span style=\"color: #000000; font-family: Calibri;\">Gern erstelle ich solche Werkzeuge m\u00f6glichst benutzerfreundlich f\u00fcr Sie. <\/span><\/p>\n<p><span style=\"color: #000000; font-family: Calibri;\">Excel-Makros in VBA (Visual Basic for Applications, Programmiersprache im MS-Office-Paket) bieten sich an, wenn regelm\u00e4\u00dfig wiederkehrende Routine-Aufgaben zu erledigen sind. Das Programm vollzieht automatisch die immer gleich bleibenden Schritte und garantiert so gleichm\u00e4\u00dfige Ergebnisse. Sie oder Ihre Mitarbeiter werden von langweiligen oder anstrengenden Routinen entlastet. <\/span><\/p>\n<p>&nbsp;<\/p>\n","protected":false},"excerpt":{"rendered":"<p>Programmierung &#8211; Anwendungsentwicklung Excel-Anwendungen k\u00f6nnen hilfreich sein f\u00fcr zahlreiche Verwaltungsaufgaben, z. B. Zeiterfassung, Terminverfolgung, kleine Datenbanken, regelm\u00e4\u00dfige Auswertungen, Schichtpl\u00e4ne und \u00e4hnliches. Microsoft\u00ae-Excel ist daf\u00fcr ein hervorragendes Werkzeug, ist heute Standard auf praktisch allen PCs und wird von den meisten Mitarbeitern zumindest in Grundz\u00fcgen beherrscht. Damit Sie oder Ihre Mitarbeiter sich auf die Inhalte konzentrieren k\u00f6nnen, &hellip; <a href=\"https:\/\/regina-kapsner.de\/?page_id=18\" class=\"more-link\"><span class=\"screen-reader-text\">Makro-Programmierung<\/span> weiterlesen<\/a><\/p>\n","protected":false},"author":1,"featured_media":0,"parent":6,"menu_order":70,"comment_status":"closed","ping_status":"closed","template":"","meta":{"_themeisle_gutenberg_block_has_review":false,"footnotes":""},"class_list":["post-18","page","type-page","status-publish","hentry"],"aioseo_notices":[],"_links":{"self":[{"href":"https:\/\/regina-kapsner.de\/index.php?rest_route=\/wp\/v2\/pages\/18","targetHints":{"allow":["GET"]}}],"collection":[{"href":"https:\/\/regina-kapsner.de\/index.php?rest_route=\/wp\/v2\/pages"}],"about":[{"href":"https:\/\/regina-kapsner.de\/index.php?rest_route=\/wp\/v2\/types\/page"}],"author":[{"embeddable":true,"href":"https:\/\/regina-kapsner.de\/index.php?rest_route=\/wp\/v2\/users\/1"}],"replies":[{"embeddable":true,"href":"https:\/\/regina-kapsner.de\/index.php?rest_route=%2Fwp%2Fv2%2Fcomments&post=18"}],"version-history":[{"count":1,"href":"https:\/\/regina-kapsner.de\/index.php?rest_route=\/wp\/v2\/pages\/18\/revisions"}],"predecessor-version":[{"id":19,"href":"https:\/\/regina-kapsner.de\/index.php?rest_route=\/wp\/v2\/pages\/18\/revisions\/19"}],"up":[{"embeddable":true,"href":"https:\/\/regina-kapsner.de\/index.php?rest_route=\/wp\/v2\/pages\/6"}],"wp:attachment":[{"href":"https:\/\/regina-kapsner.de\/index.php?rest_route=%2Fwp%2Fv2%2Fmedia&parent=18"}],"curies":[{"name":"wp","href":"https:\/\/api.w.org\/{rel}","templated":true}]}}