{"id":13,"date":"2015-09-16T20:06:53","date_gmt":"2015-09-16T18:06:53","guid":{"rendered":"http:\/\/regina-kapsner.de\/?page_id=13"},"modified":"2018-12-25T14:51:04","modified_gmt":"2018-12-25T13:51:04","slug":"controlling","status":"publish","type":"page","link":"https:\/\/regina-kapsner.de\/?page_id=13","title":{"rendered":"Controlling"},"content":{"rendered":"<p>Als Unternehmer wollen Sie nat\u00fcrlich Ihren Erfolg in Zahlen messen. Wahrscheinlich haben Sie schon Instrumente daf\u00fcr. Gern helfe ich Ihnen dabei, diese zu optimieren oder bei Bedarf neue zu entwickeln (z. B. Excel-Tabellen und Grafiken, wenn m\u00f6glich automatisierte Verkn\u00fcpfung zu Daten der Buchhaltung), so dass Sie damit leichter und schneller zum Ergebnis kommen.<\/p>\n<p>Gern \u00fcbernehme ich auch die laufende Auswertung f\u00fcr Sie.<\/p>\n<p>Daraus lassen sich dann auch Planungen f\u00fcr die Zukunft ableiten, mit denen Sie Ihr Unternehmen noch besser steuern k\u00f6nnen.<\/p>\n<p>Ebenso: Unterst\u00fctzung f\u00fcr Existenzgr\u00fcnder bei der Erstellung eines Businessplans.<\/p>\n<p>&nbsp;<\/p>\n<p>Wenn Sie f\u00fcr\u00a0 Liquidit\u00e4tsplanung Soll-Ist-Vergleich Listen aller Art Daten-Listen Termin-Listen Rechnungseingangsbuch Mahnwesen &#8230; keine Spezialsoftware haben, sollten Sie an MS Excel denken.<\/p>\n<p>Und wenn Ihnen der Gedanke an Excel Stress bereitet, sollten Sie mich anrufen &#8211; ich helfe Ihnen gern.<\/p>\n","protected":false},"excerpt":{"rendered":"<p>Als Unternehmer wollen Sie nat\u00fcrlich Ihren Erfolg in Zahlen messen. Wahrscheinlich haben Sie schon Instrumente daf\u00fcr. Gern helfe ich Ihnen dabei, diese zu optimieren oder bei Bedarf neue zu entwickeln (z. B. Excel-Tabellen und Grafiken, wenn m\u00f6glich automatisierte Verkn\u00fcpfung zu Daten der Buchhaltung), so dass Sie damit leichter und schneller zum Ergebnis kommen. Gern \u00fcbernehme &hellip; <a href=\"https:\/\/regina-kapsner.de\/?page_id=13\" class=\"more-link\"><span class=\"screen-reader-text\">Controlling<\/span> weiterlesen<\/a><\/p>\n","protected":false},"author":1,"featured_media":0,"parent":6,"menu_order":18,"comment_status":"closed","ping_status":"closed","template":"","meta":{"_themeisle_gutenberg_block_has_review":false,"footnotes":""},"class_list":["post-13","page","type-page","status-publish","hentry"],"aioseo_notices":[],"_links":{"self":[{"href":"https:\/\/regina-kapsner.de\/index.php?rest_route=\/wp\/v2\/pages\/13","targetHints":{"allow":["GET"]}}],"collection":[{"href":"https:\/\/regina-kapsner.de\/index.php?rest_route=\/wp\/v2\/pages"}],"about":[{"href":"https:\/\/regina-kapsner.de\/index.php?rest_route=\/wp\/v2\/types\/page"}],"author":[{"embeddable":true,"href":"https:\/\/regina-kapsner.de\/index.php?rest_route=\/wp\/v2\/users\/1"}],"replies":[{"embeddable":true,"href":"https:\/\/regina-kapsner.de\/index.php?rest_route=%2Fwp%2Fv2%2Fcomments&post=13"}],"version-history":[{"count":3,"href":"https:\/\/regina-kapsner.de\/index.php?rest_route=\/wp\/v2\/pages\/13\/revisions"}],"predecessor-version":[{"id":44,"href":"https:\/\/regina-kapsner.de\/index.php?rest_route=\/wp\/v2\/pages\/13\/revisions\/44"}],"up":[{"embeddable":true,"href":"https:\/\/regina-kapsner.de\/index.php?rest_route=\/wp\/v2\/pages\/6"}],"wp:attachment":[{"href":"https:\/\/regina-kapsner.de\/index.php?rest_route=%2Fwp%2Fv2%2Fmedia&parent=13"}],"curies":[{"name":"wp","href":"https:\/\/api.w.org\/{rel}","templated":true}]}}