{"id":11,"date":"2015-09-16T20:05:39","date_gmt":"2015-09-16T18:05:39","guid":{"rendered":"http:\/\/regina-kapsner.de\/?page_id=11"},"modified":"2016-12-06T11:19:33","modified_gmt":"2016-12-06T10:19:33","slug":"definition","status":"publish","type":"page","link":"https:\/\/regina-kapsner.de\/?page_id=11","title":{"rendered":"Hilfe f\u00fcr &#8230;"},"content":{"rendered":"<p>Sie sind Unternehmer und setzen Ihr Fachwissen und K\u00f6nnen f\u00fcr Ihre Kunden ein. Oder Sie sind Projektleiter und wollen sich ganz auf das Projektmanagement konzentrieren.<\/p>\n<p>Im Hintergrund muss die Verwaltung laufen (Post, Lieferscheine, Rechnungen, Angebote, Buchhaltungs-Vorbereitung, Mahnwesen, Reiseplanung und -abrechnung, Veranstaltungen, Mailings, &#8230; ) und im Projekt sind Termine zu koordinieren, Powerpoint-Pr\u00e4sentationen zu erstellen, \u00dcbersichten, Terminpl\u00e4ne, Auswertungen und noch vieles andere sicherzustellen.<\/p>\n<p>Solche Aufgaben nehme ich Ihnen gern ab. Manche Routine-Aufgaben k\u00f6nnen auch automatisiert werden und laufen dann auf Knopfdruck.<\/p>\n<p>Ich erstelle und \u00fcberarbeite f\u00fcr Sie<br \/>\n&#8211; Excel-Tabellen z. B. f\u00fcr Controlling-Aufgaben<br \/>\n&#8211; Excel-Makros f\u00fcr regelm\u00e4\u00dfig wiederkehrende Auswertungen<br \/>\n&#8211; Gesch\u00e4ftsunterlagen (Briefvorlagen, Brosch\u00fcren, Businesspl\u00e4ne, Texte, &#8230;)<br \/>\n&#8211; Pr\u00e4sentationen in Powerpoint &#8211; Strukturen f\u00fcr Abl\u00e4ufe und allgemeine Organisation (Ablage von Papier und Dateien,\u00a0\u00a0\u00a0\u00a0 Datensicherung, Checklisten, Formulare, &#8230;)<br \/>\nDes Weiteren unterst\u00fctze ich Sie gern auch bei anderen administrativen Aufgaben wie<br \/>\n&#8211; Recherchen<br \/>\n&#8211; Rechnungslegung<br \/>\n&#8211; Mahnwesen<br \/>\n&#8211; Veranstaltungsorganisation<br \/>\n&#8211; Datenbankpflege<br \/>\n&#8211; EDV-Administration im kleinen Rahmen und<br \/>\nbei allen anderen Herausforderungen des Alltags im B\u00fcro.<\/p>\n<p>Je nach Umfang und nach Ihren W\u00fcnschen regelm\u00e4\u00dfig tageweise, stundenweise, 1x pro Woche oder 1x pro Monat, aber auch gern einmalig f\u00fcr Sonderaktionen \/ Projekt-Unterst\u00fctzung oder als Urlaubs- oder Krankheitsvertretung.<\/p>\n","protected":false},"excerpt":{"rendered":"<p>Sie sind Unternehmer und setzen Ihr Fachwissen und K\u00f6nnen f\u00fcr Ihre Kunden ein. Oder Sie sind Projektleiter und wollen sich ganz auf das Projektmanagement konzentrieren. Im Hintergrund muss die Verwaltung laufen (Post, Lieferscheine, Rechnungen, Angebote, Buchhaltungs-Vorbereitung, Mahnwesen, Reiseplanung und -abrechnung, Veranstaltungen, Mailings, &#8230; ) und im Projekt sind Termine zu koordinieren, Powerpoint-Pr\u00e4sentationen zu erstellen, \u00dcbersichten, &hellip; <a href=\"https:\/\/regina-kapsner.de\/?page_id=11\" class=\"more-link\"><span class=\"screen-reader-text\">Hilfe f\u00fcr &#8230;<\/span> weiterlesen<\/a><\/p>\n","protected":false},"author":1,"featured_media":0,"parent":6,"menu_order":15,"comment_status":"closed","ping_status":"closed","template":"","meta":{"_themeisle_gutenberg_block_has_review":false,"footnotes":""},"class_list":["post-11","page","type-page","status-publish","hentry"],"aioseo_notices":[],"_links":{"self":[{"href":"https:\/\/regina-kapsner.de\/index.php?rest_route=\/wp\/v2\/pages\/11","targetHints":{"allow":["GET"]}}],"collection":[{"href":"https:\/\/regina-kapsner.de\/index.php?rest_route=\/wp\/v2\/pages"}],"about":[{"href":"https:\/\/regina-kapsner.de\/index.php?rest_route=\/wp\/v2\/types\/page"}],"author":[{"embeddable":true,"href":"https:\/\/regina-kapsner.de\/index.php?rest_route=\/wp\/v2\/users\/1"}],"replies":[{"embeddable":true,"href":"https:\/\/regina-kapsner.de\/index.php?rest_route=%2Fwp%2Fv2%2Fcomments&post=11"}],"version-history":[{"count":4,"href":"https:\/\/regina-kapsner.de\/index.php?rest_route=\/wp\/v2\/pages\/11\/revisions"}],"predecessor-version":[{"id":78,"href":"https:\/\/regina-kapsner.de\/index.php?rest_route=\/wp\/v2\/pages\/11\/revisions\/78"}],"up":[{"embeddable":true,"href":"https:\/\/regina-kapsner.de\/index.php?rest_route=\/wp\/v2\/pages\/6"}],"wp:attachment":[{"href":"https:\/\/regina-kapsner.de\/index.php?rest_route=%2Fwp%2Fv2%2Fmedia&parent=11"}],"curies":[{"name":"wp","href":"https:\/\/api.w.org\/{rel}","templated":true}]}}